{"id":12,"date":"2023-03-31T13:19:27","date_gmt":"2023-03-31T12:19:27","guid":{"rendered":"https:\/\/journaldansepassion.com\/?page_id=12"},"modified":"2023-05-09T10:04:54","modified_gmt":"2023-05-09T09:04:54","slug":"urban-team","status":"publish","type":"page","link":"https:\/\/journaldansepassion.com\/?page_id=12","title":{"rendered":"urban-team"},"content":{"rendered":"\t\t<div data-elementor-type=\"wp-post\" data-elementor-id=\"12\" class=\"elementor elementor-12\">\n\t\t\t\t\t\t\t\t\t<section class=\"elementor-section elementor-top-section elementor-element elementor-element-83426f4 elementor-section-boxed elementor-section-height-default elementor-section-height-default\" data-id=\"83426f4\" data-element_type=\"section\">\n\t\t\t\t\t\t<div class=\"elementor-container elementor-column-gap-default\">\n\t\t\t\t\t<div class=\"elementor-column elementor-col-50 elementor-top-column elementor-element elementor-element-554267c\" data-id=\"554267c\" data-element_type=\"column\">\n\t\t\t<div class=\"elementor-widget-wrap elementor-element-populated\">\n\t\t\t\t\t\t\t\t<div class=\"elementor-element elementor-element-7da83b4 elementor-widget elementor-widget-text-editor\" data-id=\"7da83b4\" data-element_type=\"widget\" data-widget_type=\"text-editor.default\">\n\t\t\t\t<div class=\"elementor-widget-container\">\n\t\t\t<style>\/*! elementor - v3.12.0 - 29-03-2023 *\/\n.elementor-widget-text-editor.elementor-drop-cap-view-stacked .elementor-drop-cap{background-color:#69727d;color:#fff}.elementor-widget-text-editor.elementor-drop-cap-view-framed .elementor-drop-cap{color:#69727d;border:3px solid;background-color:transparent}.elementor-widget-text-editor:not(.elementor-drop-cap-view-default) .elementor-drop-cap{margin-top:8px}.elementor-widget-text-editor:not(.elementor-drop-cap-view-default) .elementor-drop-cap-letter{width:1em;height:1em}.elementor-widget-text-editor .elementor-drop-cap{float:left;text-align:center;line-height:1;font-size:50px}.elementor-widget-text-editor .elementor-drop-cap-letter{display:inline-block}<\/style>\t\t\t\t<div><div><div><p>L&#8217;\u00e9cole de danse Urban Team est une institution reconnue dans le monde de la danse urbaine \u00e0 Gen\u00e8ve. Depuis plus de 10 ans, elle est l&#8217;une des rares v\u00e9ritables \u00e9coles de danse urbaine de la r\u00e9gion et attire des danseurs de tous niveaux et de tous \u00e2ges.<\/p><p>Urban Team se distingue de par la qualit\u00e9 de ses professeurs. En effet, certains d&#8217;entre eux ont un niveau international en danse urbaine et ont remport\u00e9 des comp\u00e9titions \u00e0 travers le monde. Leur exp\u00e9rience et leur expertise sont in\u00e9gal\u00e9es dans la r\u00e9gion, offrant aux \u00e9tudiants une opportunit\u00e9 unique d&#8217;apprendre des meilleurs.<\/p><p>\u00a0<\/p><\/div><\/div><\/div>\t\t\t\t\t\t<\/div>\n\t\t\t\t<\/div>\n\t\t\t\t\t<\/div>\n\t\t<\/div>\n\t\t\t\t<div class=\"elementor-column elementor-col-50 elementor-top-column elementor-element elementor-element-3d1ea63\" data-id=\"3d1ea63\" data-element_type=\"column\">\n\t\t\t<div class=\"elementor-widget-wrap elementor-element-populated\">\n\t\t\t\t\t\t\t\t<div class=\"elementor-element elementor-element-5877587 elementor-widget elementor-widget-image\" data-id=\"5877587\" data-element_type=\"widget\" data-widget_type=\"image.default\">\n\t\t\t\t<div class=\"elementor-widget-container\">\n\t\t\t<style>\/*! elementor - v3.12.0 - 29-03-2023 *\/\n.elementor-widget-image{text-align:center}.elementor-widget-image a{display:inline-block}.elementor-widget-image a img[src$=\".svg\"]{width:48px}.elementor-widget-image img{vertical-align:middle;display:inline-block}<\/style>\t\t\t\t\t\t\t\t\t\t\t\t<img loading=\"lazy\" decoding=\"async\" width=\"557\" height=\"325\" src=\"https:\/\/journaldansepassion.com\/wp-content\/uploads\/2023\/03\/img-home-urban-2.png\" class=\"attachment-large size-large wp-image-14\" alt=\"Logo \u00e9cole de danse Urban team\" srcset=\"https:\/\/journaldansepassion.com\/wp-content\/uploads\/2023\/03\/img-home-urban-2.png 557w, https:\/\/journaldansepassion.com\/wp-content\/uploads\/2023\/03\/img-home-urban-2-300x175.png 300w\" sizes=\"auto, (max-width: 557px) 100vw, 557px\" \/>\t\t\t\t\t\t\t\t\t\t\t\t\t\t\t<\/div>\n\t\t\t\t<\/div>\n\t\t\t\t\t<\/div>\n\t\t<\/div>\n\t\t\t\t\t\t\t<\/div>\n\t\t<\/section>\n\t\t\t\t<section class=\"elementor-section elementor-top-section elementor-element elementor-element-fcdf68a elementor-section-boxed elementor-section-height-default elementor-section-height-default\" data-id=\"fcdf68a\" data-element_type=\"section\">\n\t\t\t\t\t\t<div class=\"elementor-container elementor-column-gap-default\">\n\t\t\t\t\t<div class=\"elementor-column elementor-col-100 elementor-top-column elementor-element elementor-element-d3d2353\" data-id=\"d3d2353\" data-element_type=\"column\">\n\t\t\t<div class=\"elementor-widget-wrap elementor-element-populated\">\n\t\t\t\t\t\t\t\t<div class=\"elementor-element elementor-element-8938bda elementor-widget elementor-widget-text-editor\" data-id=\"8938bda\" data-element_type=\"widget\" id=\"urbanteam\" data-widget_type=\"text-editor.default\">\n\t\t\t\t<div class=\"elementor-widget-container\">\n\t\t\t\t\t\t\t<p>De plus, tous les professeurs de Urban Team sont choisis en fonction d&#8217;un niveau approfondi dans leur style de danse, ainsi que pour leur capacit\u00e9 \u00e0 enseigner efficacement. La p\u00e9dagogie est une priorit\u00e9 absolue pour l&#8217;\u00e9cole, et cela se refl\u00e8te dans les r\u00e9sultats de ses \u00e9l\u00e8ves, qui se distinguent dans les comp\u00e9titions et les spectacles.<\/p>\n<p>Urban Team propose une grande vari\u00e9t\u00e9 de styles de danse urbaine, allant du hip-hop au breakdance en passant par le popping et le locking. Les cours sont adapt\u00e9s \u00e0 tous les niveaux, allant des d\u00e9butants aux danseurs avanc\u00e9s. Les \u00e9l\u00e8ves ont \u00e9galement l&#8217;opportunit\u00e9 de participer \u00e0 des ateliers et des masterclasses donn\u00e9s par des danseurs de renomm\u00e9e mondiale.<\/p>\n<p>Enfin, Urban Team offre un environnement accueillant et inclusif pour tous ses \u00e9tudiants. La passion pour la danse urbaine est au c\u0153ur de l&#8217;\u00e9cole, et cette passion est transmise \u00e0 tous les \u00e9l\u00e8ves. Que vous cherchiez \u00e0 am\u00e9liorer vos comp\u00e9tences de danse ou simplement \u00e0 vous amuser, Urban Team est l&#8217;endroit id\u00e9al pour vous.<\/p>\n<p>En somme, Urban Team est une \u00e9cole de danse urbaine de premier plan \u00e0 Gen\u00e8ve, offrant une qualit\u00e9 d&#8217;enseignement et une expertise in\u00e9gal\u00e9es dans la r\u00e9gion. Si vous cherchez \u00e0 perfectionner vos comp\u00e9tences de danse ou simplement \u00e0 vous immerger dans l&#8217;univers de la danse urbaine, Urban Team est l&#8217;endroit id\u00e9al pour vous.<\/p>\n<p><\/p>\n<p>h<a href=\"https:\/\/urbanteam.ch\/\" target=\"_blank\">ttps:\/\/urbanteam.ch\/<\/a><\/p>\t\t\t\t\t\t<\/div>\n\t\t\t\t<\/div>\n\t\t\t\t\t<\/div>\n\t\t<\/div>\n\t\t\t\t\t\t\t<\/div>\n\t\t<\/section>\n\t\t\t\t\t\t\t<\/div>\n\t\t","protected":false},"excerpt":{"rendered":"<p>L&#8217;\u00e9cole de danse Urban Team est une institution reconnue dans le monde de la danse urbaine \u00e0 Gen\u00e8ve. Depuis plus de 10 ans, elle est l&#8217;une des rares v\u00e9ritables \u00e9coles de danse urbaine de la r\u00e9gion et attire des danseurs de tous niveaux et de tous \u00e2ges. Urban Team se distingue de par la qualit\u00e9 [&hellip;]<\/p>\n","protected":false},"author":1,"featured_media":0,"parent":0,"menu_order":0,"comment_status":"closed","ping_status":"closed","template":"","meta":{"footnotes":""},"class_list":["post-12","page","type-page","status-publish","hentry"],"_links":{"self":[{"href":"https:\/\/journaldansepassion.com\/index.php?rest_route=\/wp\/v2\/pages\/12","targetHints":{"allow":["GET"]}}],"collection":[{"href":"https:\/\/journaldansepassion.com\/index.php?rest_route=\/wp\/v2\/pages"}],"about":[{"href":"https:\/\/journaldansepassion.com\/index.php?rest_route=\/wp\/v2\/types\/page"}],"author":[{"embeddable":true,"href":"https:\/\/journaldansepassion.com\/index.php?rest_route=\/wp\/v2\/users\/1"}],"replies":[{"embeddable":true,"href":"https:\/\/journaldansepassion.com\/index.php?rest_route=%2Fwp%2Fv2%2Fcomments&post=12"}],"version-history":[{"count":18,"href":"https:\/\/journaldansepassion.com\/index.php?rest_route=\/wp\/v2\/pages\/12\/revisions"}],"predecessor-version":[{"id":229,"href":"https:\/\/journaldansepassion.com\/index.php?rest_route=\/wp\/v2\/pages\/12\/revisions\/229"}],"wp:attachment":[{"href":"https:\/\/journaldansepassion.com\/index.php?rest_route=%2Fwp%2Fv2%2Fmedia&parent=12"}],"curies":[{"name":"wp","href":"https:\/\/api.w.org\/{rel}","templated":true}]}}